{"id":15879,"date":"2025-11-09T03:31:57","date_gmt":"2025-11-09T03:31:57","guid":{"rendered":"https:\/\/sitekimlik.com\/?page_id=15879"},"modified":"2025-11-09T03:33:42","modified_gmt":"2025-11-09T03:33:42","slug":"talep-formu","status":"publish","type":"page","link":"https:\/\/sitekimlik.com\/index.php\/talep-formu\/","title":{"rendered":"TALEP FORMU"},"content":{"rendered":"\t\t<div data-elementor-type=\"wp-page\" data-elementor-id=\"15879\" class=\"elementor elementor-15879\">\n\t\t\t\t<div class=\"elementor-element elementor-element-815e386 e-flex e-con-boxed e-con e-parent\" data-id=\"815e386\" data-element_type=\"container\">\n\t\t\t\t\t<div class=\"e-con-inner\">\n\t\t\t\t<div class=\"elementor-element elementor-element-34293ce elementor-widget elementor-widget-wd_contact_form_7\" data-id=\"34293ce\" data-element_type=\"widget\" data-widget_type=\"wd_contact_form_7.default\">\n\t\t\t\t<div class=\"elementor-widget-container\">\n\t\t\t\t\t\n<div class=\"wpcf7 no-js\" id=\"wpcf7-f15874-o1\" lang=\"tr-TR\" dir=\"ltr\" data-wpcf7-id=\"15874\">\n<div class=\"screen-reader-response\"><p role=\"status\" aria-live=\"polite\" aria-atomic=\"true\"><\/p> <ul><\/ul><\/div>\n<form action=\"\/index.php\/wp-json\/wp\/v2\/pages\/15879#wpcf7-f15874-o1\" method=\"post\" class=\"wpcf7-form init\" aria-label=\"\u0130leti\u015fim Formu\" novalidate=\"novalidate\" data-status=\"init\">\n<fieldset class=\"hidden-fields-container\"><input type=\"hidden\" name=\"_wpcf7\" value=\"15874\" \/><input type=\"hidden\" name=\"_wpcf7_version\" value=\"6.1.4\" \/><input type=\"hidden\" name=\"_wpcf7_locale\" value=\"tr_TR\" \/><input type=\"hidden\" name=\"_wpcf7_unit_tag\" value=\"wpcf7-f15874-o1\" \/><input type=\"hidden\" name=\"_wpcf7_container_post\" value=\"0\" \/><input type=\"hidden\" name=\"_wpcf7_posted_data_hash\" value=\"\" \/>\n<\/fieldset>\n<h3>SiteKimlik Talep Formu\n<\/h3>\n<p>Apartman veya sitenize \u00f6zel dijital kimlik \u00e7\u00f6z\u00fcmlerimiz i\u00e7in a\u015fa\u011f\u0131daki formu doldurun, hemen ileti\u015fime ge\u00e7elim!\n<\/p>\n<p><label> Ad\u0131n\u0131z Soyad\u0131n\u0131z (Zorunlu)<br \/>\n<span class=\"wpcf7-form-control-wrap\" data-name=\"your-name\"><input size=\"40\" maxlength=\"400\" class=\"wpcf7-form-control wpcf7-text wpcf7-validates-as-required\" autocomplete=\"name\" aria-required=\"true\" aria-invalid=\"false\" placeholder=\"Ad Soyad\" value=\"\" type=\"text\" name=\"your-name\" \/><\/span> <\/label>\n<\/p>\n<p><label> E-posta Adresiniz (Zorunlu)<br \/>\n<span class=\"wpcf7-form-control-wrap\" data-name=\"your-email\"><input size=\"40\" maxlength=\"400\" class=\"wpcf7-form-control wpcf7-email wpcf7-validates-as-required wpcf7-text wpcf7-validates-as-email\" autocomplete=\"email\" aria-required=\"true\" aria-invalid=\"false\" placeholder=\"ornek@eposta.com\" value=\"\" type=\"email\" name=\"your-email\" \/><\/span> <\/label>\n<\/p>\n<p><label> Telefon Numaran\u0131z (Zorunlu)<br \/>\n<span class=\"wpcf7-form-control-wrap\" data-name=\"your-phone\"><input size=\"40\" maxlength=\"400\" class=\"wpcf7-form-control wpcf7-tel wpcf7-validates-as-required wpcf7-text wpcf7-validates-as-tel\" autocomplete=\"tel\" aria-required=\"true\" aria-invalid=\"false\" placeholder=\"0 (555) 123 45 67\" value=\"\" type=\"tel\" name=\"your-phone\" \/><\/span> <\/label>\n<\/p>\n<p><label> Site\/Apartman \u0130smi (Zorunlu)<br \/>\n<span class=\"wpcf7-form-control-wrap\" data-name=\"site-name\"><input size=\"40\" maxlength=\"400\" class=\"wpcf7-form-control wpcf7-text wpcf7-validates-as-required\" aria-required=\"true\" aria-invalid=\"false\" placeholder=\"\u00d6rnek Apartman\u0131\" value=\"\" type=\"text\" name=\"site-name\" \/><\/span> <\/label>\n<\/p>\n<p><label> A\u00e7\u0131k Adres Bilgisi (Zorunlu)<br \/>\n<span class=\"wpcf7-form-control-wrap\" data-name=\"site-address\"><textarea cols=\"40\" rows=\"10\" maxlength=\"2000\" class=\"wpcf7-form-control wpcf7-textarea wpcf7-validates-as-required\" aria-required=\"true\" aria-invalid=\"false\" placeholder=\"Mahalle, Cadde, No, \u015eehir\" name=\"site-address\"><\/textarea><\/span> <\/label>\n<\/p>\n<p><label> Site\/Apartman Detaylar\u0131<br \/>\n<span class=\"wpcf7-form-control-wrap\" data-name=\"site-details\"><textarea cols=\"40\" rows=\"10\" maxlength=\"2000\" class=\"wpcf7-form-control wpcf7-textarea\" aria-invalid=\"false\" placeholder=\"Blok say\u0131s\u0131, daire say\u0131s\u0131, g\u00fcvenlik, kamera, havuz, asans\u00f6r vb. detaylar\u0131 yaz\u0131n\" name=\"site-details\"><\/textarea><\/span> <\/label>\n<\/p>\n<p><label> Eklemek \u0130stedikleriniz (\u0130ste\u011fe Ba\u011fl\u0131)<br \/>\n<span class=\"wpcf7-form-control-wrap\" data-name=\"your-message\"><textarea cols=\"40\" rows=\"10\" maxlength=\"2000\" class=\"wpcf7-form-control wpcf7-textarea\" aria-invalid=\"false\" placeholder=\"Ek bilgi veya talepleriniz\" name=\"your-message\"><\/textarea><\/span> <\/label>\n<\/p>\n<p><input class=\"wpcf7-form-control wpcf7-submit has-spinner\" type=\"submit\" value=\"Talep G\u00f6nder\" \/>\n<\/p><div class=\"wpcf7-response-output\" aria-hidden=\"true\"><\/div>\n<\/form>\n<\/div>\n\t\t\t\t<\/div>\n\t\t\t\t<\/div>\n\t\t\t\t\t<\/div>\n\t\t\t\t<\/div>\n\t\t\t\t<\/div>\n\t\t","protected":false},"excerpt":{"rendered":"<p>SiteKimlik Talep Formu Apartman veya sitenize \u00f6zel dijital kimlik \u00e7\u00f6z\u00fcmlerimiz i\u00e7in a\u015fa\u011f\u0131daki formu doldurun, hemen ileti\u015fime ge\u00e7elim! Ad\u0131n\u0131z Soyad\u0131n\u0131z (Zorunlu)<\/p>\n","protected":false},"author":1,"featured_media":0,"parent":0,"menu_order":0,"comment_status":"closed","ping_status":"closed","template":"","meta":{"footnotes":""},"class_list":["post-15879","page","type-page","status-publish","hentry"],"_links":{"self":[{"href":"https:\/\/sitekimlik.com\/index.php\/wp-json\/wp\/v2\/pages\/15879","targetHints":{"allow":["GET"]}}],"collection":[{"href":"https:\/\/sitekimlik.com\/index.php\/wp-json\/wp\/v2\/pages"}],"about":[{"href":"https:\/\/sitekimlik.com\/index.php\/wp-json\/wp\/v2\/types\/page"}],"author":[{"embeddable":true,"href":"https:\/\/sitekimlik.com\/index.php\/wp-json\/wp\/v2\/users\/1"}],"replies":[{"embeddable":true,"href":"https:\/\/sitekimlik.com\/index.php\/wp-json\/wp\/v2\/comments?post=15879"}],"version-history":[{"count":4,"href":"https:\/\/sitekimlik.com\/index.php\/wp-json\/wp\/v2\/pages\/15879\/revisions"}],"predecessor-version":[{"id":15883,"href":"https:\/\/sitekimlik.com\/index.php\/wp-json\/wp\/v2\/pages\/15879\/revisions\/15883"}],"wp:attachment":[{"href":"https:\/\/sitekimlik.com\/index.php\/wp-json\/wp\/v2\/media?parent=15879"}],"curies":[{"name":"wp","href":"https:\/\/api.w.org\/{rel}","templated":true}]}}