{"id":15788,"date":"2025-11-08T07:25:06","date_gmt":"2025-11-08T07:25:06","guid":{"rendered":"https:\/\/sitekimlik.com\/?post_type=product&#038;p=15788"},"modified":"2025-11-27T08:22:47","modified_gmt":"2025-11-27T08:22:47","slug":"dijital-site-kimlik-paketi-2","status":"publish","type":"product","link":"https:\/\/sitekimlik.com\/index.php\/urun\/dijital-site-kimlik-paketi-2\/","title":{"rendered":"Dijital Site Kimlik Paketi"},"content":{"rendered":"<p dir=\"auto\">SiteKimlik\u2019in Dijital Site Kimlik Paketi, apartman ve sitenize modern bir kimlik kazand\u0131r\u0131r. QR kod teknolojisiyle site sakinleri, tek bir tarama ile t\u00fcm bilgilere (adres, y\u00f6netici, aidat, duyurular) an\u0131nda ula\u015f\u0131r. Y\u00f6neticiler i\u00e7in kullan\u0131m\u0131 kolay panel, \u015feffaf ve profesyonel y\u00f6netim sunar. Logolu QR kodlar, parola korumas\u0131 ve mobil uyumlu aray\u00fczle sitenizi dijital d\u00fcnyada \u00f6ne \u00e7\u0131kar\u0131n!<\/p>\n<p dir=\"auto\"><strong>Paket \u0130\u00e7eri\u011fi<\/strong>:<\/p>\n<ul dir=\"auto\">\n<li>Sitenize \u00f6zel, QR kod<\/li>\n<li>Kolay y\u00f6netim paneli (ekleme, d\u00fczenleme, silme)<\/li>\n<li>WhatsApp entegrasyonu ve anl\u0131k duyuru payla\u015f\u0131m\u0131<\/li>\n<li>Birden fazla IBAN ile aidat y\u00f6netimi<\/li>\n<li>\u0130ste\u011fe ba\u011fl\u0131 QR parola korumas\u0131<\/li>\n<li>\u00dccretsiz teknik destek ve g\u00fcncellemeler<\/li>\n<\/ul>\n","protected":false},"excerpt":{"rendered":"<p>SiteKimlik\u2019in Dijital Site Kimlik Paketi, apartman ve sitenize modern bir kimlik kazand\u0131r\u0131r. QR kod teknolojisiyle site sakinleri, tek bir tarama ile t\u00fcm bilgilere (adres, y\u00f6netici, aidat, duyurular) an\u0131nda ula\u015f\u0131r. Y\u00f6neticiler i\u00e7in kullan\u0131m\u0131 kolay panel, \u015feffaf ve profesyonel y\u00f6netim sunar. Logolu QR kodlar, parola korumas\u0131 ve mobil uyumlu aray\u00fczle sitenizi dijital d\u00fcnyada \u00f6ne \u00e7\u0131kar\u0131n!<\/p>\n","protected":false},"featured_media":15603,"template":"","meta":[],"product_brand":[72],"product_cat":[20],"product_tag":[80,81,76,75,74,78,77],"class_list":{"0":"post-15788","1":"product","2":"type-product","3":"status-publish","4":"has-post-thumbnail","6":"product_brand-site-kimlik","7":"product_cat-qr-id","8":"product_tag-apatman-yonetimi","9":"product_tag-mulk","10":"product_tag-qr-kimlik","11":"product_tag-qr-id","12":"product_tag-site-kimlik","13":"product_tag-site-yonetimi","14":"product_tag-sitekimligi","16":"first","17":"instock","18":"taxable","19":"shipping-taxable","20":"purchasable","21":"product-type-simple"},"_links":{"self":[{"href":"https:\/\/sitekimlik.com\/index.php\/wp-json\/wp\/v2\/product\/15788","targetHints":{"allow":["GET"]}}],"collection":[{"href":"https:\/\/sitekimlik.com\/index.php\/wp-json\/wp\/v2\/product"}],"about":[{"href":"https:\/\/sitekimlik.com\/index.php\/wp-json\/wp\/v2\/types\/product"}],"version-history":[{"count":1,"href":"https:\/\/sitekimlik.com\/index.php\/wp-json\/wp\/v2\/product\/15788\/revisions"}],"predecessor-version":[{"id":15789,"href":"https:\/\/sitekimlik.com\/index.php\/wp-json\/wp\/v2\/product\/15788\/revisions\/15789"}],"wp:featuredmedia":[{"embeddable":true,"href":"https:\/\/sitekimlik.com\/index.php\/wp-json\/wp\/v2\/media\/15603"}],"wp:attachment":[{"href":"https:\/\/sitekimlik.com\/index.php\/wp-json\/wp\/v2\/media?parent=15788"}],"wp:term":[{"taxonomy":"product_brand","embeddable":true,"href":"https:\/\/sitekimlik.com\/index.php\/wp-json\/wp\/v2\/product_brand?post=15788"},{"taxonomy":"product_cat","embeddable":true,"href":"https:\/\/sitekimlik.com\/index.php\/wp-json\/wp\/v2\/product_cat?post=15788"},{"taxonomy":"product_tag","embeddable":true,"href":"https:\/\/sitekimlik.com\/index.php\/wp-json\/wp\/v2\/product_tag?post=15788"}],"curies":[{"name":"wp","href":"https:\/\/api.w.org\/{rel}","templated":true}]}}